{"id":71,"date":"2015-07-29T10:13:12","date_gmt":"2015-07-29T09:13:12","guid":{"rendered":"http:\/\/www.villageliegeois.be\/?page_id=71"},"modified":"2026-02-11T11:14:05","modified_gmt":"2026-02-11T10:14:05","slug":"menuiserie","status":"publish","type":"page","link":"http:\/\/www.villageliegeois.be\/index.php\/menuiserie\/","title":{"rendered":"Menuiserie"},"content":{"rendered":"<div class=\"boxslides\"><style type=\"text\/css\">\ndiv#shslideshow_4{\n\twidth:395px;\n\tbackground-color:;\n\tmargin:auto;\n}\ndiv#shslideshow_4 div.slides{\n\tposition:relative;\n\twidth:100%;\n\theight:275px;\n\tz-index:1;\n\toverflow: hidden;\n}\ndiv#shslideshow_4 div.slides a, div#shslideshow_4 div.slides img{\n\tposition:absolute;\n\ttop:0px;\n\tleft:0px;\n}\ndiv#shslideshow_4 div.slides img{\n\twidth:395px;\n\theight:275px;\n}\ndiv#shslideshow_nav_4{\n\tmargin-left:0px;\n}\ndiv#shslideshow_nav_pre_4,div#shslideshow_nav_next_4{\n\tdisplay:block;\n\tfloat:left;\n}\ndiv#shslideshow_nav_pre_4:hover,div#shslideshow_nav_next_4:hover{\n\tcursor:pointer;\n}\ndiv#shslideshow_nav_4 a,div#shslideshow_nav_pre_4,div#shslideshow_nav_next_4{\n\tmargin-right: 10px;\n\tcolor:#ffffff;\n}\ndiv#shslideshow_nav_4 a:hover,div#shslideshow_nav_4 a.activeSlide,div#shslideshow_nav_pre_4:hover,div#shslideshow_nav_next_4:hover{\n\tcolor:#ff0000;\n}div#shslideshow_nav_4{ position:absolute;margin-top:-20px;z-index:5; }div#shslideshow_nav_4 a,div#shslideshow_nav_pre_4,div#shslideshow_nav_next_4{\n\ttext-decoration:none;\n}<\/style><div id=\"shslideshow_4\" class=\"shslideshow\"><div class=\"slides\"><img decoding=\"async\" src=\"http:\/\/www.villageliegeois.be\/wp-content\/uploads\/2015\/07\/menuiserie01.jpg\" alt=\"\" \/><img decoding=\"async\" src=\"http:\/\/www.villageliegeois.be\/wp-content\/uploads\/2015\/07\/menuiserie02.jpg\" alt=\"\" \/><img decoding=\"async\" src=\"http:\/\/www.villageliegeois.be\/wp-content\/uploads\/2015\/07\/menuiserie03.jpg\" alt=\"\" \/><img decoding=\"async\" src=\"http:\/\/www.villageliegeois.be\/wp-content\/uploads\/2015\/07\/menuiserie05.jpg\" alt=\"\" \/><\/div><div id=\"shslideshow_nav_4\" class=\"shslideshow_nav\"><\/div><\/div><script language=\"javascript\">\n\tjQuery(document).ready(function(){\n\t\tjQuery(\"#shslideshow_4 .slides\").cycle({\n\t\t\tfx: \"fade\",\n\t\t\tpause:0,\n\t\t\trandomizeEffects:0,\n\t\t\trandom:0,\n\t\t\tfastOnEvent:0,\n\t\t\tfit:1,\n\t\t\tspeed: 1000,pager: \"#shslideshow_nav_4\",timeout: 5000});\n\t});\n<\/script>\n\t<\/div>\n<p>Client\u00e8le industrielle ou priv\u00e9e, notre menuiserie s\u2019adapte \u00e0 vos besoins.<\/p>\n<p>Nos travailleurs ex\u00e9cutent tous vos travaux en petites ou en moyennes s\u00e9ries.<\/p>\n<ul>\n<li>Paletterie : montage de palettes et ch\u00e2ssis sur plan<\/li>\n<li>Caisserie : caisse industrielle ou de manutention<\/li>\n<li>D\u00e9coupe de bois de calage en bois ou en agglo<\/li>\n<li>Pose de ch\u00e2ssis et portes<\/li>\n<li>Montage de palissades et terrasses sur mesure<\/li>\n<li>Tout type de r\u00e9paration et d\u00e9pannage de menuiserie int\u00e9rieure et ext\u00e9rieure<\/li>\n<li>Caisses \u00e0 vins, caisses \u00e0 pommes, \u2026<\/li>\n<li>Coffres \u00e0 jouet, bo\u00eetes aux lettres, bacs \u00e0 fleurs,\u2026<\/li>\n<li>Tout objet en bois selon vos attentes<\/li>\n<\/ul>\n<p>Notre \u00e9quipe est \u00e0 votre \u00e9coute pour r\u00e9aliser le travail<br \/>\nqui correspond le mieux \u00e0 vos attentes.<\/p>\n<p><strong>Contacts<\/strong> : M. Marchand et F. Malchair<br \/>\n<a href=\"mailto:menuiserie@villageliegeois.be\">menuiserie@villageliegeois.be<\/a><\/p>\n<div class=\"imgRight\" style=\"width: 519px; height: 81px;\"><\/div>\n<div class=\"imgRight\" style=\"width: 519px; height: 81px;\"><\/div>\n<div><\/div>\n<div class=\"imgRight\" style=\"width: 519px; height: 81px;\"><\/div>\n<p><img decoding=\"async\" class=\"txttopmenuiserie\" src=\"http:\/\/www.villageliegeois.be\/wp-content\/uploads\/2015\/07\/menuiserie.png\" alt=\"\" border=\"0\" \/><\/p>\n","protected":false},"excerpt":{"rendered":"<p>Client\u00e8le industrielle ou priv\u00e9e, notre menuiserie s\u2019adapte \u00e0 vos besoins. Nos travailleurs ex\u00e9cutent tous vos travaux en petites ou en moyennes s\u00e9ries. Paletterie : montage de palettes et ch\u00e2ssis sur plan Caisserie : caisse industrielle ou de manutention D\u00e9coupe de bois de calage en bois ou en agglo Pose de ch\u00e2ssis et portes Montage de [&hellip;]<\/p>\n","protected":false},"author":1,"featured_media":0,"parent":0,"menu_order":0,"comment_status":"closed","ping_status":"closed","template":"page-nosidebar.php","meta":{"_exactmetrics_skip_tracking":false,"_exactmetrics_sitenote_active":false,"_exactmetrics_sitenote_note":"","_exactmetrics_sitenote_category":0,"footnotes":""},"class_list":["post-71","page","type-page","status-publish","hentry"],"_links":{"self":[{"href":"http:\/\/www.villageliegeois.be\/index.php\/wp-json\/wp\/v2\/pages\/71","targetHints":{"allow":["GET"]}}],"collection":[{"href":"http:\/\/www.villageliegeois.be\/index.php\/wp-json\/wp\/v2\/pages"}],"about":[{"href":"http:\/\/www.villageliegeois.be\/index.php\/wp-json\/wp\/v2\/types\/page"}],"author":[{"embeddable":true,"href":"http:\/\/www.villageliegeois.be\/index.php\/wp-json\/wp\/v2\/users\/1"}],"replies":[{"embeddable":true,"href":"http:\/\/www.villageliegeois.be\/index.php\/wp-json\/wp\/v2\/comments?post=71"}],"version-history":[{"count":26,"href":"http:\/\/www.villageliegeois.be\/index.php\/wp-json\/wp\/v2\/pages\/71\/revisions"}],"predecessor-version":[{"id":456,"href":"http:\/\/www.villageliegeois.be\/index.php\/wp-json\/wp\/v2\/pages\/71\/revisions\/456"}],"wp:attachment":[{"href":"http:\/\/www.villageliegeois.be\/index.php\/wp-json\/wp\/v2\/media?parent=71"}],"curies":[{"name":"wp","href":"https:\/\/api.w.org\/{rel}","templated":true}]}}