{"id":79,"date":"2015-07-29T10:14:26","date_gmt":"2015-07-29T09:14:26","guid":{"rendered":"http:\/\/www.villageliegeois.be\/?page_id=79"},"modified":"2015-08-10T09:29:54","modified_gmt":"2015-08-10T08:29:54","slug":"historique","status":"publish","type":"page","link":"http:\/\/www.villageliegeois.be\/index.php\/historique\/","title":{"rendered":"Historique"},"content":{"rendered":"<p><img loading=\"lazy\" decoding=\"async\" src=\"http:\/\/www.villageliegeois.be\/wp-content\/uploads\/2015\/07\/illuHisto22.png\" alt=\"illuHisto2\" width=\"392\" height=\"502\" class=\"imgRight4\" \/><\/p>\n<div class=\"AlignJustify\">En 1986, quelques parents de jeunes handicap\u00e9s d\u00e9cident de<br \/>\ncr\u00e9er un atelier prot\u00e9g\u00e9.<\/p>\n<p>La nouvelle structure re\u00e7oit le patronage de la Reine Fabiola et est<br \/>\nbaptis\u00e9e Village n\u00b0 5 Reine Fabiola.<\/p>\n<p>Peu \u00e0 peu, le Village a pris forme sur le site des anciennes cristalleries<br \/>\ndu Val-Saint-Lambert \u00e0 Seraing. Nous avons r\u00e9nov\u00e9 nous-m\u00eames<br \/>\nnos locaux, \u00e0 commencer par l\u2019ancienne Maison des gardes qui fut<br \/>\ntransform\u00e9e en bureaux, r\u00e9fectoire et vestiaires. <\/p>\n<p>Quelques ann\u00e9es plus tard, nous avons install\u00e9 une menuiserie ainsi<br \/>\nqu\u2019une section conditionnement dans une ancienne taillerie.<br \/>\nEt dans la conciergerie, nous avons bas\u00e9 une grosse section d\u2019horticulture.<\/p>\n<p>Apr\u00e8s le d\u00e9c\u00e8s de notre fondatrice en 1999, le conseil d\u2019administration d\u00e9cida<br \/>\nde modifier le nom de l\u2019ASBL. En hommage \u00e0 la femme qui pendant plus de<br \/>\ndix ans porta l\u2019association \u00e0 bout de bras, elle s\u2019appelle d\u00e9sormais<br \/>\nVillage li\u00e9geois Marie-Reine Prignon.<\/p><\/div>\n","protected":false},"excerpt":{"rendered":"<p>En 1986, quelques parents de jeunes handicap\u00e9s d\u00e9cident de cr\u00e9er un atelier prot\u00e9g\u00e9. La nouvelle structure re\u00e7oit le patronage de la Reine Fabiola et est baptis\u00e9e Village n\u00b0 5 Reine Fabiola. Peu \u00e0 peu, le Village a pris forme sur le site des anciennes cristalleries du Val-Saint-Lambert \u00e0 Seraing. Nous avons r\u00e9nov\u00e9 nous-m\u00eames nos locaux, [&hellip;]<\/p>\n","protected":false},"author":1,"featured_media":0,"parent":0,"menu_order":0,"comment_status":"closed","ping_status":"closed","template":"page-nosidebar.php","meta":{"_exactmetrics_skip_tracking":false,"_exactmetrics_sitenote_active":false,"_exactmetrics_sitenote_note":"","_exactmetrics_sitenote_category":0,"footnotes":""},"class_list":["post-79","page","type-page","status-publish","hentry"],"_links":{"self":[{"href":"http:\/\/www.villageliegeois.be\/index.php\/wp-json\/wp\/v2\/pages\/79","targetHints":{"allow":["GET"]}}],"collection":[{"href":"http:\/\/www.villageliegeois.be\/index.php\/wp-json\/wp\/v2\/pages"}],"about":[{"href":"http:\/\/www.villageliegeois.be\/index.php\/wp-json\/wp\/v2\/types\/page"}],"author":[{"embeddable":true,"href":"http:\/\/www.villageliegeois.be\/index.php\/wp-json\/wp\/v2\/users\/1"}],"replies":[{"embeddable":true,"href":"http:\/\/www.villageliegeois.be\/index.php\/wp-json\/wp\/v2\/comments?post=79"}],"version-history":[{"count":22,"href":"http:\/\/www.villageliegeois.be\/index.php\/wp-json\/wp\/v2\/pages\/79\/revisions"}],"predecessor-version":[{"id":284,"href":"http:\/\/www.villageliegeois.be\/index.php\/wp-json\/wp\/v2\/pages\/79\/revisions\/284"}],"wp:attachment":[{"href":"http:\/\/www.villageliegeois.be\/index.php\/wp-json\/wp\/v2\/media?parent=79"}],"curies":[{"name":"wp","href":"https:\/\/api.w.org\/{rel}","templated":true}]}}