{"id":77,"date":"2015-07-29T10:14:11","date_gmt":"2015-07-29T09:14:11","guid":{"rendered":"http:\/\/www.villageliegeois.be\/?page_id=77"},"modified":"2015-08-05T15:58:37","modified_gmt":"2015-08-05T14:58:37","slug":"dons","status":"publish","type":"page","link":"https:\/\/www.villageliegeois.be\/index.php\/dons\/","title":{"rendered":"Dons"},"content":{"rendered":"<p><img loading=\"lazy\" decoding=\"async\" src=\"http:\/\/www.villageliegeois.be\/wp-content\/uploads\/2015\/07\/dons.png\" alt=\"dons\" width=\"392\" height=\"393\" class=\"alignleft\" \/>Dans un contexte de plus en plus de rigueur budg\u00e9taire de la<br \/>\nR\u00e9gion wallonne, les subsides allou\u00e9s aux entreprises de travail<br \/>\nadapt\u00e9 se r\u00e9duisent d\u2019ann\u00e9e en ann\u00e9e.<\/p>\n<p>Nous devons n\u00e9anmoins maintenir l\u2019emploi de notre structure et<br \/>\ncontinuer \u00e0 investir dans nos m\u00e9tiers si nous voulons assurer la<br \/>\np\u00e9rennit\u00e9 de notre structure.<\/p>\n<p><strong>Nous faisons donc appel \u00e0 votre g\u00e9n\u00e9rosit\u00e9\u00a0!<\/strong><\/p>\n<p>Tout don d\u2019un minimum de <strong><span style=\"color:#8eba1f; font-size:18px\">40 \u20ac<\/span><\/strong> sera d\u00e9ductible fiscalement.<br \/>\nD\u00e8s r\u00e9ception du don, vous recevrez une attestation \u00e0 joindre \u00e0<br \/>\nvotre d\u00e9claration fiscale annuelle.<\/p>\n","protected":false},"excerpt":{"rendered":"<p>Dans un contexte de plus en plus de rigueur budg\u00e9taire de la R\u00e9gion wallonne, les subsides allou\u00e9s aux entreprises de travail adapt\u00e9 se r\u00e9duisent d\u2019ann\u00e9e en ann\u00e9e. Nous devons n\u00e9anmoins maintenir l\u2019emploi de notre structure et continuer \u00e0 investir dans nos m\u00e9tiers si nous voulons assurer la p\u00e9rennit\u00e9 de notre structure. Nous faisons donc appel [&hellip;]<\/p>\n","protected":false},"author":1,"featured_media":0,"parent":0,"menu_order":0,"comment_status":"closed","ping_status":"closed","template":"page-nosidebar.php","meta":{"_exactmetrics_skip_tracking":false,"_exactmetrics_sitenote_active":false,"_exactmetrics_sitenote_note":"","_exactmetrics_sitenote_category":0,"footnotes":""},"class_list":["post-77","page","type-page","status-publish","hentry"],"_links":{"self":[{"href":"https:\/\/www.villageliegeois.be\/index.php\/wp-json\/wp\/v2\/pages\/77","targetHints":{"allow":["GET"]}}],"collection":[{"href":"https:\/\/www.villageliegeois.be\/index.php\/wp-json\/wp\/v2\/pages"}],"about":[{"href":"https:\/\/www.villageliegeois.be\/index.php\/wp-json\/wp\/v2\/types\/page"}],"author":[{"embeddable":true,"href":"https:\/\/www.villageliegeois.be\/index.php\/wp-json\/wp\/v2\/users\/1"}],"replies":[{"embeddable":true,"href":"https:\/\/www.villageliegeois.be\/index.php\/wp-json\/wp\/v2\/comments?post=77"}],"version-history":[{"count":6,"href":"https:\/\/www.villageliegeois.be\/index.php\/wp-json\/wp\/v2\/pages\/77\/revisions"}],"predecessor-version":[{"id":264,"href":"https:\/\/www.villageliegeois.be\/index.php\/wp-json\/wp\/v2\/pages\/77\/revisions\/264"}],"wp:attachment":[{"href":"https:\/\/www.villageliegeois.be\/index.php\/wp-json\/wp\/v2\/media?parent=77"}],"curies":[{"name":"wp","href":"https:\/\/api.w.org\/{rel}","templated":true}]}}