{"id":81,"date":"2015-07-29T10:14:46","date_gmt":"2015-07-29T09:14:46","guid":{"rendered":"http:\/\/www.villageliegeois.be\/?page_id=81"},"modified":"2015-08-10T09:39:08","modified_gmt":"2015-08-10T08:39:08","slug":"objectifs","status":"publish","type":"page","link":"https:\/\/www.villageliegeois.be\/index.php\/objectifs\/","title":{"rendered":"Objectifs"},"content":{"rendered":"<p><img loading=\"lazy\" decoding=\"async\" src=\"http:\/\/www.villageliegeois.be\/wp-content\/uploads\/2015\/07\/objectif4.png\" alt=\"objectif\" width=\"514\" height=\"421\" class=\"imgRight4\" \/>L\u2019objectif prioritaire du Village li\u00e9geois est l\u2019int\u00e9gration sociale et professionnelle des personnes handicap\u00e9es<br \/>\nmentales l\u00e9g\u00e8res et mod\u00e9r\u00e9es. <\/p>\n<p>En effet, dans notre soci\u00e9t\u00e9 actuelle, les personnes souffrant de d\u00e9ficience mentale ont de plus en plus de mal \u00e0 trouver un travail. Notre but est de leur permettre de se d\u00e9velopper<br \/>\ngr\u00e2ce \u00e0 un emploi dans lequel ils pourront s\u2019\u00e9panouir.<\/p>\n<p>Les difficult\u00e9s sont nombreuses et nous sommes fiers des r\u00e9sultats obtenus avec nos jeunes, car la plupart d\u2019entre eux n\u2019avaient pas \u00e9t\u00e9 accept\u00e9s dans d\u2019autres ateliers prot\u00e9g\u00e9s pour cause de non-rentabilit\u00e9.<\/p>\n<p>Chez nous, ils sont parvenus \u00e0 trouver leur place et m\u00eame \u00e0 d\u00e9velopper des capacit\u00e9s que nous ne soup\u00e7onnions pas. Si notre travail quotidien est valorisant, les obstacles ne manquent pas. En effet, outre la diminution des subsides et l\u2019augmentation des r\u00e9mun\u00e9rations jusqu\u2019au salaire minimum garanti, l\u2019Awiph a impos\u00e9 un quota de travailleurs handicap\u00e9s que les ETA ne peuvent pas d\u00e9passer.<\/p>\n<p>Nous mettons tout en \u0153uvre pour relever tous ces d\u00e9fis tout en restant<br \/>\nfid\u00e8le \u00e0 nos valeurs. A l\u2019avenir nous pourrons peut-\u00eatre donner de l\u2019espoir<br \/>\n\u00e0 tous ces jeunes qui viennent nous rendre visite et esp\u00e8rent un jour \u00eatre des n\u00f4tres.<\/p>\n","protected":false},"excerpt":{"rendered":"<p>L\u2019objectif prioritaire du Village li\u00e9geois est l\u2019int\u00e9gration sociale et professionnelle des personnes handicap\u00e9es mentales l\u00e9g\u00e8res et mod\u00e9r\u00e9es. En effet, dans notre soci\u00e9t\u00e9 actuelle, les personnes souffrant de d\u00e9ficience mentale ont de plus en plus de mal \u00e0 trouver un travail. Notre but est de leur permettre de se d\u00e9velopper gr\u00e2ce \u00e0 un emploi dans lequel [&hellip;]<\/p>\n","protected":false},"author":1,"featured_media":0,"parent":0,"menu_order":0,"comment_status":"closed","ping_status":"closed","template":"page-nosidebar.php","meta":{"_exactmetrics_skip_tracking":false,"_exactmetrics_sitenote_active":false,"_exactmetrics_sitenote_note":"","_exactmetrics_sitenote_category":0,"footnotes":""},"class_list":["post-81","page","type-page","status-publish","hentry"],"_links":{"self":[{"href":"https:\/\/www.villageliegeois.be\/index.php\/wp-json\/wp\/v2\/pages\/81","targetHints":{"allow":["GET"]}}],"collection":[{"href":"https:\/\/www.villageliegeois.be\/index.php\/wp-json\/wp\/v2\/pages"}],"about":[{"href":"https:\/\/www.villageliegeois.be\/index.php\/wp-json\/wp\/v2\/types\/page"}],"author":[{"embeddable":true,"href":"https:\/\/www.villageliegeois.be\/index.php\/wp-json\/wp\/v2\/users\/1"}],"replies":[{"embeddable":true,"href":"https:\/\/www.villageliegeois.be\/index.php\/wp-json\/wp\/v2\/comments?post=81"}],"version-history":[{"count":19,"href":"https:\/\/www.villageliegeois.be\/index.php\/wp-json\/wp\/v2\/pages\/81\/revisions"}],"predecessor-version":[{"id":290,"href":"https:\/\/www.villageliegeois.be\/index.php\/wp-json\/wp\/v2\/pages\/81\/revisions\/290"}],"wp:attachment":[{"href":"https:\/\/www.villageliegeois.be\/index.php\/wp-json\/wp\/v2\/media?parent=81"}],"curies":[{"name":"wp","href":"https:\/\/api.w.org\/{rel}","templated":true}]}}